{"id":804,"date":"2024-07-08T20:29:53","date_gmt":"2024-07-08T18:29:53","guid":{"rendered":"https:\/\/gjmenard.com\/home\/"},"modified":"2026-01-06T16:42:28","modified_gmt":"2026-01-06T15:42:28","slug":"accueil-2","status":"publish","type":"page","link":"https:\/\/gjmenard.com\/en\/","title":{"rendered":"Home page"},"content":{"rendered":"<h1><span style=\"color: #f57210;\">OVER 20 YEARS<\/span><br \/>OF EXPERIENCE <br \/>AND EXPERTISE<br \/>AT YOUR SERVICE<\/h1>\n<p><a class=\"btn btn-primary\" href=\"https:\/\/gjmenard.com\/en\/contact-us\/\">DISCUSS YOUR PROJECT<\/a><\/p>\n","protected":false},"excerpt":{"rendered":"<p>OVER 20 YEARSOF EXPERIENCE AND EXPERTISEAT YOUR SERVICE DISCUSS YOUR PROJECT<\/p>\n","protected":false},"author":3,"featured_media":876,"parent":0,"menu_order":8,"comment_status":"closed","ping_status":"open","template":"front-page.php","meta":{"_acf_changed":false,"inline_featured_image":false,"footnotes":""},"class_list":["post-804","page","type-page","status-publish","has-post-thumbnail","hentry"],"acf":[],"yoast_head":"<!-- This site is optimized with the Yoast SEO plugin v25.5 - https:\/\/yoast.com\/wordpress\/plugins\/seo\/ -->\n<title>GJ M\u00e9nard - Excavation, Am\u00e9nagement Paysager et Projets Immobiliers<\/title>\n<meta name=\"description\" content=\"Chez GJ M\u00e9nard, l&#039;excellence rencontre l&#039;innovation en mati\u00e8re d&#039;excavation et d&#039;am\u00e9nagement paysager. Contactez-nous!\" \/>\n<meta name=\"robots\" content=\"index, follow, max-snippet:-1, max-image-preview:large, max-video-preview:-1\" \/>\n<link rel=\"canonical\" href=\"https:\/\/gjmenard.com\/en\/\" \/>\n<meta property=\"og:locale\" content=\"en_US\" \/>\n<meta property=\"og:type\" content=\"article\" \/>\n<meta property=\"og:title\" content=\"GJ M\u00e9nard - Excavation, Am\u00e9nagement Paysager et Projets Immobiliers\" \/>\n<meta property=\"og:description\" content=\"Chez GJ M\u00e9nard, l&#039;excellence rencontre l&#039;innovation en mati\u00e8re d&#039;excavation et d&#039;am\u00e9nagement paysager. Contactez-nous!\" \/>\n<meta property=\"og:url\" content=\"https:\/\/gjmenard.com\/en\/\" \/>\n<meta property=\"og:site_name\" content=\"GJ M\u00e9nard\" \/>\n<meta property=\"article:modified_time\" content=\"2026-01-06T15:42:28+00:00\" \/>\n<meta property=\"og:image\" content=\"https:\/\/gjmenard.com\/wp-content\/uploads\/2024\/08\/GJ-Menard-intro-loading2-scaled.jpg\" \/>\n\t<meta property=\"og:image:width\" content=\"2560\" \/>\n\t<meta property=\"og:image:height\" content=\"1433\" \/>\n\t<meta property=\"og:image:type\" content=\"image\/jpeg\" \/>\n<meta name=\"twitter:card\" content=\"summary_large_image\" \/>\n<meta name=\"twitter:label1\" content=\"Est. reading time\" \/>\n\t<meta name=\"twitter:data1\" content=\"2 minutes\" \/>\n<script type=\"application\/ld+json\" class=\"yoast-schema-graph\">{\"@context\":\"https:\/\/schema.org\",\"@graph\":[{\"@type\":\"WebPage\",\"@id\":\"https:\/\/gjmenard.com\/en\/\",\"url\":\"https:\/\/gjmenard.com\/en\/\",\"name\":\"GJ M\u00e9nard - Excavation, Am\u00e9nagement Paysager et Projets Immobiliers\",\"isPartOf\":{\"@id\":\"https:\/\/gjmenard.com\/#website\"},\"primaryImageOfPage\":{\"@id\":\"https:\/\/gjmenard.com\/en\/#primaryimage\"},\"image\":{\"@id\":\"https:\/\/gjmenard.com\/en\/#primaryimage\"},\"thumbnailUrl\":\"https:\/\/gjmenard.com\/wp-content\/uploads\/2024\/08\/GJ-Menard-intro-loading2-scaled.jpg\",\"datePublished\":\"2024-07-08T18:29:53+00:00\",\"dateModified\":\"2026-01-06T15:42:28+00:00\",\"description\":\"Chez GJ M\u00e9nard, l'excellence rencontre l'innovation en mati\u00e8re d'excavation et d'am\u00e9nagement paysager. Contactez-nous!\",\"breadcrumb\":{\"@id\":\"https:\/\/gjmenard.com\/en\/#breadcrumb\"},\"inLanguage\":\"en-US\",\"potentialAction\":[{\"@type\":\"ReadAction\",\"target\":[\"https:\/\/gjmenard.com\/en\/\"]}]},{\"@type\":\"ImageObject\",\"inLanguage\":\"en-US\",\"@id\":\"https:\/\/gjmenard.com\/en\/#primaryimage\",\"url\":\"https:\/\/gjmenard.com\/wp-content\/uploads\/2024\/08\/GJ-Menard-intro-loading2-scaled.jpg\",\"contentUrl\":\"https:\/\/gjmenard.com\/wp-content\/uploads\/2024\/08\/GJ-Menard-intro-loading2-scaled.jpg\",\"width\":2560,\"height\":1433},{\"@type\":\"BreadcrumbList\",\"@id\":\"https:\/\/gjmenard.com\/en\/#breadcrumb\",\"itemListElement\":[{\"@type\":\"ListItem\",\"position\":1,\"name\":\"Accueil\",\"item\":\"https:\/\/gjmenard.com\/en\/\"},{\"@type\":\"ListItem\",\"position\":2,\"name\":\"Home page\"}]},{\"@type\":\"WebSite\",\"@id\":\"https:\/\/gjmenard.com\/#website\",\"url\":\"https:\/\/gjmenard.com\/\",\"name\":\"GJ M\u00e9nard\",\"description\":\"Am\u00e9nagement | Excavation | Immobilier\",\"potentialAction\":[{\"@type\":\"SearchAction\",\"target\":{\"@type\":\"EntryPoint\",\"urlTemplate\":\"https:\/\/gjmenard.com\/?s={search_term_string}\"},\"query-input\":{\"@type\":\"PropertyValueSpecification\",\"valueRequired\":true,\"valueName\":\"search_term_string\"}}],\"inLanguage\":\"en-US\"}]}<\/script>\n<!-- \/ Yoast SEO plugin. -->","yoast_head_json":{"title":"GJ M\u00e9nard - Excavation, Am\u00e9nagement Paysager et Projets Immobiliers","description":"Chez GJ M\u00e9nard, l'excellence rencontre l'innovation en mati\u00e8re d'excavation et d'am\u00e9nagement paysager. Contactez-nous!","robots":{"index":"index","follow":"follow","max-snippet":"max-snippet:-1","max-image-preview":"max-image-preview:large","max-video-preview":"max-video-preview:-1"},"canonical":"https:\/\/gjmenard.com\/en\/","og_locale":"en_US","og_type":"article","og_title":"GJ M\u00e9nard - Excavation, Am\u00e9nagement Paysager et Projets Immobiliers","og_description":"Chez GJ M\u00e9nard, l'excellence rencontre l'innovation en mati\u00e8re d'excavation et d'am\u00e9nagement paysager. Contactez-nous!","og_url":"https:\/\/gjmenard.com\/en\/","og_site_name":"GJ M\u00e9nard","article_modified_time":"2026-01-06T15:42:28+00:00","og_image":[{"width":2560,"height":1433,"url":"https:\/\/gjmenard.com\/wp-content\/uploads\/2024\/08\/GJ-Menard-intro-loading2-scaled.jpg","type":"image\/jpeg"}],"twitter_card":"summary_large_image","twitter_misc":{"Est. reading time":"2 minutes"},"schema":{"@context":"https:\/\/schema.org","@graph":[{"@type":"WebPage","@id":"https:\/\/gjmenard.com\/en\/","url":"https:\/\/gjmenard.com\/en\/","name":"GJ M\u00e9nard - Excavation, Am\u00e9nagement Paysager et Projets Immobiliers","isPartOf":{"@id":"https:\/\/gjmenard.com\/#website"},"primaryImageOfPage":{"@id":"https:\/\/gjmenard.com\/en\/#primaryimage"},"image":{"@id":"https:\/\/gjmenard.com\/en\/#primaryimage"},"thumbnailUrl":"https:\/\/gjmenard.com\/wp-content\/uploads\/2024\/08\/GJ-Menard-intro-loading2-scaled.jpg","datePublished":"2024-07-08T18:29:53+00:00","dateModified":"2026-01-06T15:42:28+00:00","description":"Chez GJ M\u00e9nard, l'excellence rencontre l'innovation en mati\u00e8re d'excavation et d'am\u00e9nagement paysager. Contactez-nous!","breadcrumb":{"@id":"https:\/\/gjmenard.com\/en\/#breadcrumb"},"inLanguage":"en-US","potentialAction":[{"@type":"ReadAction","target":["https:\/\/gjmenard.com\/en\/"]}]},{"@type":"ImageObject","inLanguage":"en-US","@id":"https:\/\/gjmenard.com\/en\/#primaryimage","url":"https:\/\/gjmenard.com\/wp-content\/uploads\/2024\/08\/GJ-Menard-intro-loading2-scaled.jpg","contentUrl":"https:\/\/gjmenard.com\/wp-content\/uploads\/2024\/08\/GJ-Menard-intro-loading2-scaled.jpg","width":2560,"height":1433},{"@type":"BreadcrumbList","@id":"https:\/\/gjmenard.com\/en\/#breadcrumb","itemListElement":[{"@type":"ListItem","position":1,"name":"Accueil","item":"https:\/\/gjmenard.com\/en\/"},{"@type":"ListItem","position":2,"name":"Home page"}]},{"@type":"WebSite","@id":"https:\/\/gjmenard.com\/#website","url":"https:\/\/gjmenard.com\/","name":"GJ M\u00e9nard","description":"Am\u00e9nagement | Excavation | Immobilier","potentialAction":[{"@type":"SearchAction","target":{"@type":"EntryPoint","urlTemplate":"https:\/\/gjmenard.com\/?s={search_term_string}"},"query-input":{"@type":"PropertyValueSpecification","valueRequired":true,"valueName":"search_term_string"}}],"inLanguage":"en-US"}]}},"_links":{"self":[{"href":"https:\/\/gjmenard.com\/en\/wp-json\/wp\/v2\/pages\/804","targetHints":{"allow":["GET"]}}],"collection":[{"href":"https:\/\/gjmenard.com\/en\/wp-json\/wp\/v2\/pages"}],"about":[{"href":"https:\/\/gjmenard.com\/en\/wp-json\/wp\/v2\/types\/page"}],"author":[{"embeddable":true,"href":"https:\/\/gjmenard.com\/en\/wp-json\/wp\/v2\/users\/3"}],"replies":[{"embeddable":true,"href":"https:\/\/gjmenard.com\/en\/wp-json\/wp\/v2\/comments?post=804"}],"version-history":[{"count":14,"href":"https:\/\/gjmenard.com\/en\/wp-json\/wp\/v2\/pages\/804\/revisions"}],"predecessor-version":[{"id":983,"href":"https:\/\/gjmenard.com\/en\/wp-json\/wp\/v2\/pages\/804\/revisions\/983"}],"wp:featuredmedia":[{"embeddable":true,"href":"https:\/\/gjmenard.com\/en\/wp-json\/wp\/v2\/media\/876"}],"wp:attachment":[{"href":"https:\/\/gjmenard.com\/en\/wp-json\/wp\/v2\/media?parent=804"}],"curies":[{"name":"wp","href":"https:\/\/api.w.org\/{rel}","templated":true}]}}