{"id":792,"date":"2024-07-09T19:44:15","date_gmt":"2024-07-09T17:44:15","guid":{"rendered":"https:\/\/gjmenard.com\/amenagement-paysager\/"},"modified":"2025-12-09T17:53:32","modified_gmt":"2025-12-09T16:53:32","slug":"landscaping","status":"publish","type":"page","link":"https:\/\/gjmenard.com\/en\/landscaping\/","title":{"rendered":"Landscaping"},"content":{"rendered":"<h1 class=\"h1\">GJ M\u00c9NARD LANDSCAPING :<br \/>\nUNLEASH THE <span style=\"color: #f57210;\">INFINITE<br \/>\nPOTENTIAL <\/span><span style=\"color: #f57210;\">OF YOUR OUTDOOR<br \/>\nLIVING SPACE.<\/span><\/h1>\n<p><a class=\"btn btn-primary\" href=\"https:\/\/gjmenard.com\/en\/contact-us\/\">discuss your project<\/a><\/p>\n","protected":false},"excerpt":{"rendered":"<p>GJ M\u00c9NARD LANDSCAPING : UNLEASH THE INFINITE POTENTIAL OF YOUR OUTDOOR LIVING SPACE. discuss your project<\/p>\n","protected":false},"author":3,"featured_media":622,"parent":0,"menu_order":24,"comment_status":"closed","ping_status":"closed","template":"page-cat-services.php","meta":{"_acf_changed":false,"inline_featured_image":false,"footnotes":""},"class_list":["post-792","page","type-page","status-publish","has-post-thumbnail","hentry"],"acf":[],"yoast_head":"<!-- This site is optimized with the Yoast SEO plugin v25.5 - https:\/\/yoast.com\/wordpress\/plugins\/seo\/ -->\n<title>Sp\u00e9cialiste en am\u00e9nagement paysager - GJ M\u00e9nard<\/title>\n<meta name=\"description\" content=\"Sp\u00e9cialis\u00e9 en am\u00e9nagement paysager, d\u00e9couvrez GJ M\u00e9nard. C&#039;est le paysagiste de r\u00e9f\u00e9rence! Contactez-nous pour parlez de votre projet.\" \/>\n<meta name=\"robots\" content=\"index, follow, max-snippet:-1, max-image-preview:large, max-video-preview:-1\" \/>\n<link rel=\"canonical\" href=\"https:\/\/gjmenard.com\/en\/landscaping\/\" \/>\n<meta property=\"og:locale\" content=\"en_US\" \/>\n<meta property=\"og:type\" content=\"article\" \/>\n<meta property=\"og:title\" content=\"Sp\u00e9cialiste en am\u00e9nagement paysager - GJ M\u00e9nard\" \/>\n<meta property=\"og:description\" content=\"Sp\u00e9cialis\u00e9 en am\u00e9nagement paysager, d\u00e9couvrez GJ M\u00e9nard. C&#039;est le paysagiste de r\u00e9f\u00e9rence! Contactez-nous pour parlez de votre projet.\" \/>\n<meta property=\"og:url\" content=\"https:\/\/gjmenard.com\/en\/landscaping\/\" \/>\n<meta property=\"og:site_name\" content=\"GJ M\u00e9nard\" \/>\n<meta property=\"article:modified_time\" content=\"2025-12-09T16:53:32+00:00\" \/>\n<meta property=\"og:image\" content=\"https:\/\/gjmenard.com\/wp-content\/uploads\/2024\/07\/GJ-Menard-Services-Amenagement-4-1800px.jpg\" \/>\n\t<meta property=\"og:image:width\" content=\"1920\" \/>\n\t<meta property=\"og:image:height\" content=\"1080\" \/>\n\t<meta property=\"og:image:type\" content=\"image\/jpeg\" \/>\n<meta name=\"twitter:card\" content=\"summary_large_image\" \/>\n<meta name=\"twitter:label1\" content=\"Est. reading time\" \/>\n\t<meta name=\"twitter:data1\" content=\"1 minute\" \/>\n<script type=\"application\/ld+json\" class=\"yoast-schema-graph\">{\"@context\":\"https:\/\/schema.org\",\"@graph\":[{\"@type\":\"WebPage\",\"@id\":\"https:\/\/gjmenard.com\/en\/landscaping\/\",\"url\":\"https:\/\/gjmenard.com\/en\/landscaping\/\",\"name\":\"Sp\u00e9cialiste en am\u00e9nagement paysager - GJ M\u00e9nard\",\"isPartOf\":{\"@id\":\"https:\/\/gjmenard.com\/#website\"},\"primaryImageOfPage\":{\"@id\":\"https:\/\/gjmenard.com\/en\/landscaping\/#primaryimage\"},\"image\":{\"@id\":\"https:\/\/gjmenard.com\/en\/landscaping\/#primaryimage\"},\"thumbnailUrl\":\"https:\/\/gjmenard.com\/wp-content\/uploads\/2024\/07\/GJ-Menard-Services-Amenagement-4-1800px.jpg\",\"datePublished\":\"2024-07-09T17:44:15+00:00\",\"dateModified\":\"2025-12-09T16:53:32+00:00\",\"description\":\"Sp\u00e9cialis\u00e9 en am\u00e9nagement paysager, d\u00e9couvrez GJ M\u00e9nard. C'est le paysagiste de r\u00e9f\u00e9rence! Contactez-nous pour parlez de votre projet.\",\"breadcrumb\":{\"@id\":\"https:\/\/gjmenard.com\/en\/landscaping\/#breadcrumb\"},\"inLanguage\":\"en-US\",\"potentialAction\":[{\"@type\":\"ReadAction\",\"target\":[\"https:\/\/gjmenard.com\/en\/landscaping\/\"]}]},{\"@type\":\"ImageObject\",\"inLanguage\":\"en-US\",\"@id\":\"https:\/\/gjmenard.com\/en\/landscaping\/#primaryimage\",\"url\":\"https:\/\/gjmenard.com\/wp-content\/uploads\/2024\/07\/GJ-Menard-Services-Amenagement-4-1800px.jpg\",\"contentUrl\":\"https:\/\/gjmenard.com\/wp-content\/uploads\/2024\/07\/GJ-Menard-Services-Amenagement-4-1800px.jpg\",\"width\":1920,\"height\":1080},{\"@type\":\"BreadcrumbList\",\"@id\":\"https:\/\/gjmenard.com\/en\/landscaping\/#breadcrumb\",\"itemListElement\":[{\"@type\":\"ListItem\",\"position\":1,\"name\":\"Accueil\",\"item\":\"https:\/\/gjmenard.com\/en\/\"},{\"@type\":\"ListItem\",\"position\":2,\"name\":\"Landscaping\"}]},{\"@type\":\"WebSite\",\"@id\":\"https:\/\/gjmenard.com\/#website\",\"url\":\"https:\/\/gjmenard.com\/\",\"name\":\"GJ M\u00e9nard\",\"description\":\"Am\u00e9nagement | Excavation | Immobilier\",\"potentialAction\":[{\"@type\":\"SearchAction\",\"target\":{\"@type\":\"EntryPoint\",\"urlTemplate\":\"https:\/\/gjmenard.com\/?s={search_term_string}\"},\"query-input\":{\"@type\":\"PropertyValueSpecification\",\"valueRequired\":true,\"valueName\":\"search_term_string\"}}],\"inLanguage\":\"en-US\"}]}<\/script>\n<!-- \/ Yoast SEO plugin. -->","yoast_head_json":{"title":"Sp\u00e9cialiste en am\u00e9nagement paysager - GJ M\u00e9nard","description":"Sp\u00e9cialis\u00e9 en am\u00e9nagement paysager, d\u00e9couvrez GJ M\u00e9nard. C'est le paysagiste de r\u00e9f\u00e9rence! Contactez-nous pour parlez de votre projet.","robots":{"index":"index","follow":"follow","max-snippet":"max-snippet:-1","max-image-preview":"max-image-preview:large","max-video-preview":"max-video-preview:-1"},"canonical":"https:\/\/gjmenard.com\/en\/landscaping\/","og_locale":"en_US","og_type":"article","og_title":"Sp\u00e9cialiste en am\u00e9nagement paysager - GJ M\u00e9nard","og_description":"Sp\u00e9cialis\u00e9 en am\u00e9nagement paysager, d\u00e9couvrez GJ M\u00e9nard. C'est le paysagiste de r\u00e9f\u00e9rence! Contactez-nous pour parlez de votre projet.","og_url":"https:\/\/gjmenard.com\/en\/landscaping\/","og_site_name":"GJ M\u00e9nard","article_modified_time":"2025-12-09T16:53:32+00:00","og_image":[{"width":1920,"height":1080,"url":"https:\/\/gjmenard.com\/wp-content\/uploads\/2024\/07\/GJ-Menard-Services-Amenagement-4-1800px.jpg","type":"image\/jpeg"}],"twitter_card":"summary_large_image","twitter_misc":{"Est. reading time":"1 minute"},"schema":{"@context":"https:\/\/schema.org","@graph":[{"@type":"WebPage","@id":"https:\/\/gjmenard.com\/en\/landscaping\/","url":"https:\/\/gjmenard.com\/en\/landscaping\/","name":"Sp\u00e9cialiste en am\u00e9nagement paysager - GJ M\u00e9nard","isPartOf":{"@id":"https:\/\/gjmenard.com\/#website"},"primaryImageOfPage":{"@id":"https:\/\/gjmenard.com\/en\/landscaping\/#primaryimage"},"image":{"@id":"https:\/\/gjmenard.com\/en\/landscaping\/#primaryimage"},"thumbnailUrl":"https:\/\/gjmenard.com\/wp-content\/uploads\/2024\/07\/GJ-Menard-Services-Amenagement-4-1800px.jpg","datePublished":"2024-07-09T17:44:15+00:00","dateModified":"2025-12-09T16:53:32+00:00","description":"Sp\u00e9cialis\u00e9 en am\u00e9nagement paysager, d\u00e9couvrez GJ M\u00e9nard. C'est le paysagiste de r\u00e9f\u00e9rence! Contactez-nous pour parlez de votre projet.","breadcrumb":{"@id":"https:\/\/gjmenard.com\/en\/landscaping\/#breadcrumb"},"inLanguage":"en-US","potentialAction":[{"@type":"ReadAction","target":["https:\/\/gjmenard.com\/en\/landscaping\/"]}]},{"@type":"ImageObject","inLanguage":"en-US","@id":"https:\/\/gjmenard.com\/en\/landscaping\/#primaryimage","url":"https:\/\/gjmenard.com\/wp-content\/uploads\/2024\/07\/GJ-Menard-Services-Amenagement-4-1800px.jpg","contentUrl":"https:\/\/gjmenard.com\/wp-content\/uploads\/2024\/07\/GJ-Menard-Services-Amenagement-4-1800px.jpg","width":1920,"height":1080},{"@type":"BreadcrumbList","@id":"https:\/\/gjmenard.com\/en\/landscaping\/#breadcrumb","itemListElement":[{"@type":"ListItem","position":1,"name":"Accueil","item":"https:\/\/gjmenard.com\/en\/"},{"@type":"ListItem","position":2,"name":"Landscaping"}]},{"@type":"WebSite","@id":"https:\/\/gjmenard.com\/#website","url":"https:\/\/gjmenard.com\/","name":"GJ M\u00e9nard","description":"Am\u00e9nagement | Excavation | Immobilier","potentialAction":[{"@type":"SearchAction","target":{"@type":"EntryPoint","urlTemplate":"https:\/\/gjmenard.com\/?s={search_term_string}"},"query-input":{"@type":"PropertyValueSpecification","valueRequired":true,"valueName":"search_term_string"}}],"inLanguage":"en-US"}]}},"_links":{"self":[{"href":"https:\/\/gjmenard.com\/en\/wp-json\/wp\/v2\/pages\/792","targetHints":{"allow":["GET"]}}],"collection":[{"href":"https:\/\/gjmenard.com\/en\/wp-json\/wp\/v2\/pages"}],"about":[{"href":"https:\/\/gjmenard.com\/en\/wp-json\/wp\/v2\/types\/page"}],"author":[{"embeddable":true,"href":"https:\/\/gjmenard.com\/en\/wp-json\/wp\/v2\/users\/3"}],"replies":[{"embeddable":true,"href":"https:\/\/gjmenard.com\/en\/wp-json\/wp\/v2\/comments?post=792"}],"version-history":[{"count":8,"href":"https:\/\/gjmenard.com\/en\/wp-json\/wp\/v2\/pages\/792\/revisions"}],"predecessor-version":[{"id":977,"href":"https:\/\/gjmenard.com\/en\/wp-json\/wp\/v2\/pages\/792\/revisions\/977"}],"wp:featuredmedia":[{"embeddable":true,"href":"https:\/\/gjmenard.com\/en\/wp-json\/wp\/v2\/media\/622"}],"wp:attachment":[{"href":"https:\/\/gjmenard.com\/en\/wp-json\/wp\/v2\/media?parent=792"}],"curies":[{"name":"wp","href":"https:\/\/api.w.org\/{rel}","templated":true}]}}