{"id":789,"date":"2024-07-13T17:37:43","date_gmt":"2024-07-13T15:37:43","guid":{"rendered":"https:\/\/gjmenard.com\/immobilier\/"},"modified":"2025-12-09T17:53:08","modified_gmt":"2025-12-09T16:53:08","slug":"real-estate-development","status":"publish","type":"page","link":"https:\/\/gjmenard.com\/en\/real-estate-development\/","title":{"rendered":"Real estate development"},"content":{"rendered":"<h1 class=\"h1\">LOTS FOR SALE IN<span style=\"color: #f57210;\"><br \/>\nBROME LAKE.<\/span><\/h1>\n<p><a class=\"btn btn-primary\" href=\"https:\/\/gjmenard.com\/en\/contact-us\/\">DISCUSS YOUR PROJECT<\/a><\/p>\n","protected":false},"excerpt":{"rendered":"<p>LOTS FOR SALE IN BROME LAKE. DISCUSS YOUR PROJECT<\/p>\n","protected":false},"author":3,"featured_media":698,"parent":0,"menu_order":22,"comment_status":"closed","ping_status":"closed","template":"page-cat-services.php","meta":{"_acf_changed":false,"inline_featured_image":false,"footnotes":""},"class_list":["post-789","page","type-page","status-publish","has-post-thumbnail","hentry"],"acf":[],"yoast_head":"<!-- This site is optimized with the Yoast SEO plugin v25.5 - https:\/\/yoast.com\/wordpress\/plugins\/seo\/ -->\n<title>Projets immobiliers au Lac-Br\u00f4me - GJ M\u00e9nard<\/title>\n<meta name=\"description\" content=\"Faites l\u2019acquisition du terrain de vos r\u00eaves \u00e0 Lac-Brome avec GJ M\u00e9nard Immobilier! Un lieu o\u00f9 nature et confort se rencontrent harmonieusement.\" \/>\n<meta name=\"robots\" content=\"index, follow, max-snippet:-1, max-image-preview:large, max-video-preview:-1\" \/>\n<link rel=\"canonical\" href=\"https:\/\/gjmenard.com\/en\/real-estate-development\/\" \/>\n<meta property=\"og:locale\" content=\"en_US\" \/>\n<meta property=\"og:type\" content=\"article\" \/>\n<meta property=\"og:title\" content=\"Projets immobiliers au Lac-Br\u00f4me - GJ M\u00e9nard\" \/>\n<meta property=\"og:description\" content=\"Faites l\u2019acquisition du terrain de vos r\u00eaves \u00e0 Lac-Brome avec GJ M\u00e9nard Immobilier! Un lieu o\u00f9 nature et confort se rencontrent harmonieusement.\" \/>\n<meta property=\"og:url\" content=\"https:\/\/gjmenard.com\/en\/real-estate-development\/\" \/>\n<meta property=\"og:site_name\" content=\"GJ M\u00e9nard\" \/>\n<meta property=\"article:modified_time\" content=\"2025-12-09T16:53:08+00:00\" \/>\n<meta property=\"og:image\" content=\"https:\/\/gjmenard.com\/wp-content\/uploads\/2024\/07\/GJMenard-Accueil-Immobilier-6.jpg\" \/>\n\t<meta property=\"og:image:width\" content=\"1016\" \/>\n\t<meta property=\"og:image:height\" content=\"656\" \/>\n\t<meta property=\"og:image:type\" content=\"image\/jpeg\" \/>\n<meta name=\"twitter:card\" content=\"summary_large_image\" \/>\n<meta name=\"twitter:label1\" content=\"Est. reading time\" \/>\n\t<meta name=\"twitter:data1\" content=\"1 minute\" \/>\n<script type=\"application\/ld+json\" class=\"yoast-schema-graph\">{\"@context\":\"https:\/\/schema.org\",\"@graph\":[{\"@type\":\"WebPage\",\"@id\":\"https:\/\/gjmenard.com\/en\/real-estate-development\/\",\"url\":\"https:\/\/gjmenard.com\/en\/real-estate-development\/\",\"name\":\"Projets immobiliers au Lac-Br\u00f4me - GJ M\u00e9nard\",\"isPartOf\":{\"@id\":\"https:\/\/gjmenard.com\/#website\"},\"primaryImageOfPage\":{\"@id\":\"https:\/\/gjmenard.com\/en\/real-estate-development\/#primaryimage\"},\"image\":{\"@id\":\"https:\/\/gjmenard.com\/en\/real-estate-development\/#primaryimage\"},\"thumbnailUrl\":\"https:\/\/gjmenard.com\/wp-content\/uploads\/2024\/07\/GJMenard-Accueil-Immobilier-6.jpg\",\"datePublished\":\"2024-07-13T15:37:43+00:00\",\"dateModified\":\"2025-12-09T16:53:08+00:00\",\"description\":\"Faites l\u2019acquisition du terrain de vos r\u00eaves \u00e0 Lac-Brome avec GJ M\u00e9nard Immobilier! Un lieu o\u00f9 nature et confort se rencontrent harmonieusement.\",\"breadcrumb\":{\"@id\":\"https:\/\/gjmenard.com\/en\/real-estate-development\/#breadcrumb\"},\"inLanguage\":\"en-US\",\"potentialAction\":[{\"@type\":\"ReadAction\",\"target\":[\"https:\/\/gjmenard.com\/en\/real-estate-development\/\"]}]},{\"@type\":\"ImageObject\",\"inLanguage\":\"en-US\",\"@id\":\"https:\/\/gjmenard.com\/en\/real-estate-development\/#primaryimage\",\"url\":\"https:\/\/gjmenard.com\/wp-content\/uploads\/2024\/07\/GJMenard-Accueil-Immobilier-6.jpg\",\"contentUrl\":\"https:\/\/gjmenard.com\/wp-content\/uploads\/2024\/07\/GJMenard-Accueil-Immobilier-6.jpg\",\"width\":1016,\"height\":656},{\"@type\":\"BreadcrumbList\",\"@id\":\"https:\/\/gjmenard.com\/en\/real-estate-development\/#breadcrumb\",\"itemListElement\":[{\"@type\":\"ListItem\",\"position\":1,\"name\":\"Accueil\",\"item\":\"https:\/\/gjmenard.com\/en\/\"},{\"@type\":\"ListItem\",\"position\":2,\"name\":\"Real estate development\"}]},{\"@type\":\"WebSite\",\"@id\":\"https:\/\/gjmenard.com\/#website\",\"url\":\"https:\/\/gjmenard.com\/\",\"name\":\"GJ M\u00e9nard\",\"description\":\"Am\u00e9nagement | Excavation | Immobilier\",\"potentialAction\":[{\"@type\":\"SearchAction\",\"target\":{\"@type\":\"EntryPoint\",\"urlTemplate\":\"https:\/\/gjmenard.com\/?s={search_term_string}\"},\"query-input\":{\"@type\":\"PropertyValueSpecification\",\"valueRequired\":true,\"valueName\":\"search_term_string\"}}],\"inLanguage\":\"en-US\"}]}<\/script>\n<!-- \/ Yoast SEO plugin. -->","yoast_head_json":{"title":"Projets immobiliers au Lac-Br\u00f4me - GJ M\u00e9nard","description":"Faites l\u2019acquisition du terrain de vos r\u00eaves \u00e0 Lac-Brome avec GJ M\u00e9nard Immobilier! Un lieu o\u00f9 nature et confort se rencontrent harmonieusement.","robots":{"index":"index","follow":"follow","max-snippet":"max-snippet:-1","max-image-preview":"max-image-preview:large","max-video-preview":"max-video-preview:-1"},"canonical":"https:\/\/gjmenard.com\/en\/real-estate-development\/","og_locale":"en_US","og_type":"article","og_title":"Projets immobiliers au Lac-Br\u00f4me - GJ M\u00e9nard","og_description":"Faites l\u2019acquisition du terrain de vos r\u00eaves \u00e0 Lac-Brome avec GJ M\u00e9nard Immobilier! Un lieu o\u00f9 nature et confort se rencontrent harmonieusement.","og_url":"https:\/\/gjmenard.com\/en\/real-estate-development\/","og_site_name":"GJ M\u00e9nard","article_modified_time":"2025-12-09T16:53:08+00:00","og_image":[{"width":1016,"height":656,"url":"https:\/\/gjmenard.com\/wp-content\/uploads\/2024\/07\/GJMenard-Accueil-Immobilier-6.jpg","type":"image\/jpeg"}],"twitter_card":"summary_large_image","twitter_misc":{"Est. reading time":"1 minute"},"schema":{"@context":"https:\/\/schema.org","@graph":[{"@type":"WebPage","@id":"https:\/\/gjmenard.com\/en\/real-estate-development\/","url":"https:\/\/gjmenard.com\/en\/real-estate-development\/","name":"Projets immobiliers au Lac-Br\u00f4me - GJ M\u00e9nard","isPartOf":{"@id":"https:\/\/gjmenard.com\/#website"},"primaryImageOfPage":{"@id":"https:\/\/gjmenard.com\/en\/real-estate-development\/#primaryimage"},"image":{"@id":"https:\/\/gjmenard.com\/en\/real-estate-development\/#primaryimage"},"thumbnailUrl":"https:\/\/gjmenard.com\/wp-content\/uploads\/2024\/07\/GJMenard-Accueil-Immobilier-6.jpg","datePublished":"2024-07-13T15:37:43+00:00","dateModified":"2025-12-09T16:53:08+00:00","description":"Faites l\u2019acquisition du terrain de vos r\u00eaves \u00e0 Lac-Brome avec GJ M\u00e9nard Immobilier! Un lieu o\u00f9 nature et confort se rencontrent harmonieusement.","breadcrumb":{"@id":"https:\/\/gjmenard.com\/en\/real-estate-development\/#breadcrumb"},"inLanguage":"en-US","potentialAction":[{"@type":"ReadAction","target":["https:\/\/gjmenard.com\/en\/real-estate-development\/"]}]},{"@type":"ImageObject","inLanguage":"en-US","@id":"https:\/\/gjmenard.com\/en\/real-estate-development\/#primaryimage","url":"https:\/\/gjmenard.com\/wp-content\/uploads\/2024\/07\/GJMenard-Accueil-Immobilier-6.jpg","contentUrl":"https:\/\/gjmenard.com\/wp-content\/uploads\/2024\/07\/GJMenard-Accueil-Immobilier-6.jpg","width":1016,"height":656},{"@type":"BreadcrumbList","@id":"https:\/\/gjmenard.com\/en\/real-estate-development\/#breadcrumb","itemListElement":[{"@type":"ListItem","position":1,"name":"Accueil","item":"https:\/\/gjmenard.com\/en\/"},{"@type":"ListItem","position":2,"name":"Real estate development"}]},{"@type":"WebSite","@id":"https:\/\/gjmenard.com\/#website","url":"https:\/\/gjmenard.com\/","name":"GJ M\u00e9nard","description":"Am\u00e9nagement | Excavation | Immobilier","potentialAction":[{"@type":"SearchAction","target":{"@type":"EntryPoint","urlTemplate":"https:\/\/gjmenard.com\/?s={search_term_string}"},"query-input":{"@type":"PropertyValueSpecification","valueRequired":true,"valueName":"search_term_string"}}],"inLanguage":"en-US"}]}},"_links":{"self":[{"href":"https:\/\/gjmenard.com\/en\/wp-json\/wp\/v2\/pages\/789","targetHints":{"allow":["GET"]}}],"collection":[{"href":"https:\/\/gjmenard.com\/en\/wp-json\/wp\/v2\/pages"}],"about":[{"href":"https:\/\/gjmenard.com\/en\/wp-json\/wp\/v2\/types\/page"}],"author":[{"embeddable":true,"href":"https:\/\/gjmenard.com\/en\/wp-json\/wp\/v2\/users\/3"}],"replies":[{"embeddable":true,"href":"https:\/\/gjmenard.com\/en\/wp-json\/wp\/v2\/comments?post=789"}],"version-history":[{"count":9,"href":"https:\/\/gjmenard.com\/en\/wp-json\/wp\/v2\/pages\/789\/revisions"}],"predecessor-version":[{"id":976,"href":"https:\/\/gjmenard.com\/en\/wp-json\/wp\/v2\/pages\/789\/revisions\/976"}],"wp:featuredmedia":[{"embeddable":true,"href":"https:\/\/gjmenard.com\/en\/wp-json\/wp\/v2\/media\/698"}],"wp:attachment":[{"href":"https:\/\/gjmenard.com\/en\/wp-json\/wp\/v2\/media?parent=789"}],"curies":[{"name":"wp","href":"https:\/\/api.w.org\/{rel}","templated":true}]}}