{"id":780,"date":"2024-07-09T23:34:41","date_gmt":"2024-07-09T21:34:41","guid":{"rendered":"https:\/\/gjmenard.com\/carriere\/"},"modified":"2024-09-17T21:25:46","modified_gmt":"2024-09-17T19:25:46","slug":"career","status":"publish","type":"page","link":"https:\/\/gjmenard.com\/en\/career\/","title":{"rendered":"CAREER"},"content":{"rendered":"<h1 class=\"color1\">Career opportunities<\/h1>\n<p>At GJ M\u00e9nard, we believe that every employee has the potential to grow and develop. We provide continuous training programs and opportunities for professional advancement, enabling you to move forward in your career. Working with us gives you the opportunity to gain valuable skills and become an expert in excavation and landscaping. Apply today and join a dynamic and supportive team.<\/p>\n<p><a class=\"btn btn-primary\" href=\"https:\/\/ca.indeed.com\/cmp\/G.j.-M%C3%A9nard-Inc.?from=mobviewjob&amp;tk=1i0r2596bj4ro801&amp;fromjk=a57cb6406832c33d&amp;attributionid=mobvjcmp\" target=\"_blank\" rel=\"noopener\">Explore available positions<\/a><\/p>\n","protected":false},"excerpt":{"rendered":"<p>Career opportunities At GJ M\u00e9nard, we believe that every employee has the potential to grow and develop. We provide continuous&#8230;<\/p>\n","protected":false},"author":3,"featured_media":691,"parent":0,"menu_order":14,"comment_status":"closed","ping_status":"closed","template":"","meta":{"_acf_changed":false,"inline_featured_image":false,"footnotes":""},"class_list":["post-780","page","type-page","status-publish","has-post-thumbnail","hentry"],"acf":[],"yoast_head":"<!-- This site is optimized with the Yoast SEO plugin v25.5 - https:\/\/yoast.com\/wordpress\/plugins\/seo\/ -->\n<title>Emplois en excavation et am\u00e9nagement paysager - GJ M\u00e9nard<\/title>\n<meta name=\"description\" content=\"Vous aimez travailler \u00e0 l&#039;ext\u00e9rieur ? D\u00e9couvrez nos emplois en excavation et am\u00e9nagement paysager chez GJ M\u00e9nard. Postulez en ligne!\" \/>\n<meta name=\"robots\" content=\"index, follow, max-snippet:-1, max-image-preview:large, max-video-preview:-1\" \/>\n<link rel=\"canonical\" href=\"https:\/\/gjmenard.com\/en\/career\/\" \/>\n<meta property=\"og:locale\" content=\"en_US\" \/>\n<meta property=\"og:type\" content=\"article\" \/>\n<meta property=\"og:title\" content=\"Emplois en excavation et am\u00e9nagement paysager - GJ M\u00e9nard\" \/>\n<meta property=\"og:description\" content=\"Vous aimez travailler \u00e0 l&#039;ext\u00e9rieur ? D\u00e9couvrez nos emplois en excavation et am\u00e9nagement paysager chez GJ M\u00e9nard. Postulez en ligne!\" \/>\n<meta property=\"og:url\" content=\"https:\/\/gjmenard.com\/en\/career\/\" \/>\n<meta property=\"og:site_name\" content=\"GJ M\u00e9nard\" \/>\n<meta property=\"article:modified_time\" content=\"2024-09-17T19:25:46+00:00\" \/>\n<meta property=\"og:image\" content=\"https:\/\/gjmenard.com\/wp-content\/uploads\/2024\/07\/GJMenard-Accueil-Carrieres-1.jpg\" \/>\n\t<meta property=\"og:image:width\" content=\"1618\" \/>\n\t<meta property=\"og:image:height\" content=\"1310\" \/>\n\t<meta property=\"og:image:type\" content=\"image\/jpeg\" \/>\n<meta name=\"twitter:card\" content=\"summary_large_image\" \/>\n<meta name=\"twitter:label1\" content=\"Est. reading time\" \/>\n\t<meta name=\"twitter:data1\" content=\"1 minute\" \/>\n<script type=\"application\/ld+json\" class=\"yoast-schema-graph\">{\"@context\":\"https:\/\/schema.org\",\"@graph\":[{\"@type\":\"WebPage\",\"@id\":\"https:\/\/gjmenard.com\/en\/career\/\",\"url\":\"https:\/\/gjmenard.com\/en\/career\/\",\"name\":\"Emplois en excavation et am\u00e9nagement paysager - GJ M\u00e9nard\",\"isPartOf\":{\"@id\":\"https:\/\/gjmenard.com\/#website\"},\"primaryImageOfPage\":{\"@id\":\"https:\/\/gjmenard.com\/en\/career\/#primaryimage\"},\"image\":{\"@id\":\"https:\/\/gjmenard.com\/en\/career\/#primaryimage\"},\"thumbnailUrl\":\"https:\/\/gjmenard.com\/wp-content\/uploads\/2024\/07\/GJMenard-Accueil-Carrieres-1.jpg\",\"datePublished\":\"2024-07-09T21:34:41+00:00\",\"dateModified\":\"2024-09-17T19:25:46+00:00\",\"description\":\"Vous aimez travailler \u00e0 l'ext\u00e9rieur ? D\u00e9couvrez nos emplois en excavation et am\u00e9nagement paysager chez GJ M\u00e9nard. Postulez en ligne!\",\"breadcrumb\":{\"@id\":\"https:\/\/gjmenard.com\/en\/career\/#breadcrumb\"},\"inLanguage\":\"en-US\",\"potentialAction\":[{\"@type\":\"ReadAction\",\"target\":[\"https:\/\/gjmenard.com\/en\/career\/\"]}]},{\"@type\":\"ImageObject\",\"inLanguage\":\"en-US\",\"@id\":\"https:\/\/gjmenard.com\/en\/career\/#primaryimage\",\"url\":\"https:\/\/gjmenard.com\/wp-content\/uploads\/2024\/07\/GJMenard-Accueil-Carrieres-1.jpg\",\"contentUrl\":\"https:\/\/gjmenard.com\/wp-content\/uploads\/2024\/07\/GJMenard-Accueil-Carrieres-1.jpg\",\"width\":1618,\"height\":1310},{\"@type\":\"BreadcrumbList\",\"@id\":\"https:\/\/gjmenard.com\/en\/career\/#breadcrumb\",\"itemListElement\":[{\"@type\":\"ListItem\",\"position\":1,\"name\":\"Accueil\",\"item\":\"https:\/\/gjmenard.com\/en\/\"},{\"@type\":\"ListItem\",\"position\":2,\"name\":\"CAREER\"}]},{\"@type\":\"WebSite\",\"@id\":\"https:\/\/gjmenard.com\/#website\",\"url\":\"https:\/\/gjmenard.com\/\",\"name\":\"GJ M\u00e9nard\",\"description\":\"Am\u00e9nagement | Excavation | Immobilier\",\"potentialAction\":[{\"@type\":\"SearchAction\",\"target\":{\"@type\":\"EntryPoint\",\"urlTemplate\":\"https:\/\/gjmenard.com\/?s={search_term_string}\"},\"query-input\":{\"@type\":\"PropertyValueSpecification\",\"valueRequired\":true,\"valueName\":\"search_term_string\"}}],\"inLanguage\":\"en-US\"}]}<\/script>\n<!-- \/ Yoast SEO plugin. -->","yoast_head_json":{"title":"Emplois en excavation et am\u00e9nagement paysager - GJ M\u00e9nard","description":"Vous aimez travailler \u00e0 l'ext\u00e9rieur ? D\u00e9couvrez nos emplois en excavation et am\u00e9nagement paysager chez GJ M\u00e9nard. Postulez en ligne!","robots":{"index":"index","follow":"follow","max-snippet":"max-snippet:-1","max-image-preview":"max-image-preview:large","max-video-preview":"max-video-preview:-1"},"canonical":"https:\/\/gjmenard.com\/en\/career\/","og_locale":"en_US","og_type":"article","og_title":"Emplois en excavation et am\u00e9nagement paysager - GJ M\u00e9nard","og_description":"Vous aimez travailler \u00e0 l'ext\u00e9rieur ? D\u00e9couvrez nos emplois en excavation et am\u00e9nagement paysager chez GJ M\u00e9nard. Postulez en ligne!","og_url":"https:\/\/gjmenard.com\/en\/career\/","og_site_name":"GJ M\u00e9nard","article_modified_time":"2024-09-17T19:25:46+00:00","og_image":[{"width":1618,"height":1310,"url":"https:\/\/gjmenard.com\/wp-content\/uploads\/2024\/07\/GJMenard-Accueil-Carrieres-1.jpg","type":"image\/jpeg"}],"twitter_card":"summary_large_image","twitter_misc":{"Est. reading time":"1 minute"},"schema":{"@context":"https:\/\/schema.org","@graph":[{"@type":"WebPage","@id":"https:\/\/gjmenard.com\/en\/career\/","url":"https:\/\/gjmenard.com\/en\/career\/","name":"Emplois en excavation et am\u00e9nagement paysager - GJ M\u00e9nard","isPartOf":{"@id":"https:\/\/gjmenard.com\/#website"},"primaryImageOfPage":{"@id":"https:\/\/gjmenard.com\/en\/career\/#primaryimage"},"image":{"@id":"https:\/\/gjmenard.com\/en\/career\/#primaryimage"},"thumbnailUrl":"https:\/\/gjmenard.com\/wp-content\/uploads\/2024\/07\/GJMenard-Accueil-Carrieres-1.jpg","datePublished":"2024-07-09T21:34:41+00:00","dateModified":"2024-09-17T19:25:46+00:00","description":"Vous aimez travailler \u00e0 l'ext\u00e9rieur ? D\u00e9couvrez nos emplois en excavation et am\u00e9nagement paysager chez GJ M\u00e9nard. Postulez en ligne!","breadcrumb":{"@id":"https:\/\/gjmenard.com\/en\/career\/#breadcrumb"},"inLanguage":"en-US","potentialAction":[{"@type":"ReadAction","target":["https:\/\/gjmenard.com\/en\/career\/"]}]},{"@type":"ImageObject","inLanguage":"en-US","@id":"https:\/\/gjmenard.com\/en\/career\/#primaryimage","url":"https:\/\/gjmenard.com\/wp-content\/uploads\/2024\/07\/GJMenard-Accueil-Carrieres-1.jpg","contentUrl":"https:\/\/gjmenard.com\/wp-content\/uploads\/2024\/07\/GJMenard-Accueil-Carrieres-1.jpg","width":1618,"height":1310},{"@type":"BreadcrumbList","@id":"https:\/\/gjmenard.com\/en\/career\/#breadcrumb","itemListElement":[{"@type":"ListItem","position":1,"name":"Accueil","item":"https:\/\/gjmenard.com\/en\/"},{"@type":"ListItem","position":2,"name":"CAREER"}]},{"@type":"WebSite","@id":"https:\/\/gjmenard.com\/#website","url":"https:\/\/gjmenard.com\/","name":"GJ M\u00e9nard","description":"Am\u00e9nagement | Excavation | Immobilier","potentialAction":[{"@type":"SearchAction","target":{"@type":"EntryPoint","urlTemplate":"https:\/\/gjmenard.com\/?s={search_term_string}"},"query-input":{"@type":"PropertyValueSpecification","valueRequired":true,"valueName":"search_term_string"}}],"inLanguage":"en-US"}]}},"_links":{"self":[{"href":"https:\/\/gjmenard.com\/en\/wp-json\/wp\/v2\/pages\/780","targetHints":{"allow":["GET"]}}],"collection":[{"href":"https:\/\/gjmenard.com\/en\/wp-json\/wp\/v2\/pages"}],"about":[{"href":"https:\/\/gjmenard.com\/en\/wp-json\/wp\/v2\/types\/page"}],"author":[{"embeddable":true,"href":"https:\/\/gjmenard.com\/en\/wp-json\/wp\/v2\/users\/3"}],"replies":[{"embeddable":true,"href":"https:\/\/gjmenard.com\/en\/wp-json\/wp\/v2\/comments?post=780"}],"version-history":[{"count":6,"href":"https:\/\/gjmenard.com\/en\/wp-json\/wp\/v2\/pages\/780\/revisions"}],"predecessor-version":[{"id":882,"href":"https:\/\/gjmenard.com\/en\/wp-json\/wp\/v2\/pages\/780\/revisions\/882"}],"wp:featuredmedia":[{"embeddable":true,"href":"https:\/\/gjmenard.com\/en\/wp-json\/wp\/v2\/media\/691"}],"wp:attachment":[{"href":"https:\/\/gjmenard.com\/en\/wp-json\/wp\/v2\/media?parent=780"}],"curies":[{"name":"wp","href":"https:\/\/api.w.org\/{rel}","templated":true}]}}